{"id":3058,"date":"2024-09-19T08:22:06","date_gmt":"2024-09-19T06:22:06","guid":{"rendered":"https:\/\/www.golfedumorbihan-vannesagglomeration.bzh\/?page_id=3058"},"modified":"2024-11-20T16:51:41","modified_gmt":"2024-11-20T15:51:41","slug":"tiriad","status":"publish","type":"page","link":"https:\/\/www.golfedumorbihan-vannesagglomeration.bzh\/br-fr\/tiriad\/","title":{"rendered":"Tiriad"},"content":{"rendered":"<div class=\"helpful-block-content wth-theme-thumbs\" data-title=\"\" >\n<ul>\n<li><span class=\"wth-title\">Ce contenu vous a-t-il \u00e9t\u00e9 utile ?<\/span><\/li>\n<li><a data-post=\"3058\" data-post-url=\"https:\/\/www.golfedumorbihan-vannesagglomeration.bzh\/br-fr\/tiriad\/\" data-post-title=\"Tiriad\" data-response=\"1\" href=\"#\" class=\"wth-green-btn icon-thumbsup icon1-thumbs-up4\">Oui<\/a><a data-response=\"0\" data-post=\"3058\" data-post-url=\"https:\/\/www.golfedumorbihan-vannesagglomeration.bzh\/br-fr\/tiriad\/\" data-post-title=\"Tiriad\" href=\"#\" class=\"wth-red-btn icon-thumbsdown icon1-thumbs-down4\">Non<\/a><\/li>\n<\/ul>\n<\/div>","protected":false},"excerpt":{"rendered":"<p>Ce contenu vous a-t-il \u00e9t\u00e9 utile ? OuiNon<\/p>\n","protected":false},"author":1,"featured_media":0,"parent":0,"menu_order":0,"comment_status":"closed","ping_status":"closed","template":"","meta":{"_acf_changed":false,"footnotes":""},"class_list":["post-3058","page","type-page","status-publish","hentry","no-post-thumbnail"],"acf":[],"yoast_head":"<!-- This site is optimized with the Yoast SEO plugin v27.4 - https:\/\/yoast.com\/product\/yoast-seo-wordpress\/ -->\n<title>Tiriad - Golfe du Morbihan - Vannes agglom\u00e9ration<\/title>\n<meta name=\"robots\" content=\"index, follow, max-snippet:-1, max-image-preview:large, max-video-preview:-1\" \/>\n<link rel=\"canonical\" href=\"https:\/\/www.golfedumorbihan-vannesagglomeration.bzh\/br-fr\/tiriad\/\" \/>\n<meta property=\"og:locale\" content=\"br_FR\" \/>\n<meta property=\"og:type\" content=\"article\" \/>\n<meta property=\"og:title\" content=\"Tiriad - Golfe du Morbihan - Vannes agglom\u00e9ration\" \/>\n<meta property=\"og:description\" content=\"Ce contenu vous a-t-il \u00e9t\u00e9 utile ? OuiNon\" \/>\n<meta property=\"og:url\" content=\"https:\/\/www.golfedumorbihan-vannesagglomeration.bzh\/br-fr\/tiriad\/\" \/>\n<meta property=\"og:site_name\" content=\"Golfe du Morbihan - Vannes agglom\u00e9ration\" \/>\n<meta property=\"article:modified_time\" content=\"2024-11-20T15:51:41+00:00\" \/>\n<meta name=\"twitter:card\" content=\"summary_large_image\" \/>\n<script type=\"application\/ld+json\" class=\"yoast-schema-graph\">{\"@context\":\"https:\\\/\\\/schema.org\",\"@graph\":[{\"@type\":\"WebPage\",\"@id\":\"https:\\\/\\\/www.golfedumorbihan-vannesagglomeration.bzh\\\/br-fr\\\/tiriad\\\/\",\"url\":\"https:\\\/\\\/www.golfedumorbihan-vannesagglomeration.bzh\\\/br-fr\\\/tiriad\\\/\",\"name\":\"Tiriad - Golfe du Morbihan - Vannes agglom\u00e9ration\",\"isPartOf\":{\"@id\":\"https:\\\/\\\/www.golfedumorbihan-vannesagglomeration.bzh\\\/br-fr\\\/#website\"},\"datePublished\":\"2024-09-19T06:22:06+00:00\",\"dateModified\":\"2024-11-20T15:51:41+00:00\",\"breadcrumb\":{\"@id\":\"https:\\\/\\\/www.golfedumorbihan-vannesagglomeration.bzh\\\/br-fr\\\/tiriad\\\/#breadcrumb\"},\"inLanguage\":\"br-FR\",\"potentialAction\":[{\"@type\":\"ReadAction\",\"target\":[\"https:\\\/\\\/www.golfedumorbihan-vannesagglomeration.bzh\\\/br-fr\\\/tiriad\\\/\"]}]},{\"@type\":\"BreadcrumbList\",\"@id\":\"https:\\\/\\\/www.golfedumorbihan-vannesagglomeration.bzh\\\/br-fr\\\/tiriad\\\/#breadcrumb\",\"itemListElement\":[{\"@type\":\"ListItem\",\"position\":1,\"name\":\"Accueil\",\"item\":\"https:\\\/\\\/www.golfedumorbihan-vannesagglomeration.bzh\\\/br-fr\\\/\"},{\"@type\":\"ListItem\",\"position\":2,\"name\":\"Tiriad\"}]},{\"@type\":\"WebSite\",\"@id\":\"https:\\\/\\\/www.golfedumorbihan-vannesagglomeration.bzh\\\/br-fr\\\/#website\",\"url\":\"https:\\\/\\\/www.golfedumorbihan-vannesagglomeration.bzh\\\/br-fr\\\/\",\"name\":\"Golfe du Morbihan - Vannes agglom\u00e9ration\",\"description\":\"\",\"potentialAction\":[{\"@type\":\"SearchAction\",\"target\":{\"@type\":\"EntryPoint\",\"urlTemplate\":\"https:\\\/\\\/www.golfedumorbihan-vannesagglomeration.bzh\\\/br-fr\\\/?s={search_term_string}\"},\"query-input\":{\"@type\":\"PropertyValueSpecification\",\"valueRequired\":true,\"valueName\":\"search_term_string\"}}],\"inLanguage\":\"br-FR\"}]}<\/script>\n<!-- \/ Yoast SEO plugin. -->","yoast_head_json":{"title":"Tiriad - Golfe du Morbihan - Vannes agglom\u00e9ration","robots":{"index":"index","follow":"follow","max-snippet":"max-snippet:-1","max-image-preview":"max-image-preview:large","max-video-preview":"max-video-preview:-1"},"canonical":"https:\/\/www.golfedumorbihan-vannesagglomeration.bzh\/br-fr\/tiriad\/","og_locale":"br_FR","og_type":"article","og_title":"Tiriad - Golfe du Morbihan - Vannes agglom\u00e9ration","og_description":"Ce contenu vous a-t-il \u00e9t\u00e9 utile ? OuiNon","og_url":"https:\/\/www.golfedumorbihan-vannesagglomeration.bzh\/br-fr\/tiriad\/","og_site_name":"Golfe du Morbihan - Vannes agglom\u00e9ration","article_modified_time":"2024-11-20T15:51:41+00:00","twitter_card":"summary_large_image","schema":{"@context":"https:\/\/schema.org","@graph":[{"@type":"WebPage","@id":"https:\/\/www.golfedumorbihan-vannesagglomeration.bzh\/br-fr\/tiriad\/","url":"https:\/\/www.golfedumorbihan-vannesagglomeration.bzh\/br-fr\/tiriad\/","name":"Tiriad - Golfe du Morbihan - Vannes agglom\u00e9ration","isPartOf":{"@id":"https:\/\/www.golfedumorbihan-vannesagglomeration.bzh\/br-fr\/#website"},"datePublished":"2024-09-19T06:22:06+00:00","dateModified":"2024-11-20T15:51:41+00:00","breadcrumb":{"@id":"https:\/\/www.golfedumorbihan-vannesagglomeration.bzh\/br-fr\/tiriad\/#breadcrumb"},"inLanguage":"br-FR","potentialAction":[{"@type":"ReadAction","target":["https:\/\/www.golfedumorbihan-vannesagglomeration.bzh\/br-fr\/tiriad\/"]}]},{"@type":"BreadcrumbList","@id":"https:\/\/www.golfedumorbihan-vannesagglomeration.bzh\/br-fr\/tiriad\/#breadcrumb","itemListElement":[{"@type":"ListItem","position":1,"name":"Accueil","item":"https:\/\/www.golfedumorbihan-vannesagglomeration.bzh\/br-fr\/"},{"@type":"ListItem","position":2,"name":"Tiriad"}]},{"@type":"WebSite","@id":"https:\/\/www.golfedumorbihan-vannesagglomeration.bzh\/br-fr\/#website","url":"https:\/\/www.golfedumorbihan-vannesagglomeration.bzh\/br-fr\/","name":"Golfe du Morbihan - Vannes agglom\u00e9ration","description":"","potentialAction":[{"@type":"SearchAction","target":{"@type":"EntryPoint","urlTemplate":"https:\/\/www.golfedumorbihan-vannesagglomeration.bzh\/br-fr\/?s={search_term_string}"},"query-input":{"@type":"PropertyValueSpecification","valueRequired":true,"valueName":"search_term_string"}}],"inLanguage":"br-FR"}]}},"_links":{"self":[{"href":"https:\/\/www.golfedumorbihan-vannesagglomeration.bzh\/br-fr\/wp-json\/wp\/v2\/pages\/3058","targetHints":{"allow":["GET"]}}],"collection":[{"href":"https:\/\/www.golfedumorbihan-vannesagglomeration.bzh\/br-fr\/wp-json\/wp\/v2\/pages"}],"about":[{"href":"https:\/\/www.golfedumorbihan-vannesagglomeration.bzh\/br-fr\/wp-json\/wp\/v2\/types\/page"}],"author":[{"embeddable":true,"href":"https:\/\/www.golfedumorbihan-vannesagglomeration.bzh\/br-fr\/wp-json\/wp\/v2\/users\/1"}],"replies":[{"embeddable":true,"href":"https:\/\/www.golfedumorbihan-vannesagglomeration.bzh\/br-fr\/wp-json\/wp\/v2\/comments?post=3058"}],"version-history":[{"count":1,"href":"https:\/\/www.golfedumorbihan-vannesagglomeration.bzh\/br-fr\/wp-json\/wp\/v2\/pages\/3058\/revisions"}],"predecessor-version":[{"id":3059,"href":"https:\/\/www.golfedumorbihan-vannesagglomeration.bzh\/br-fr\/wp-json\/wp\/v2\/pages\/3058\/revisions\/3059"}],"wp:attachment":[{"href":"https:\/\/www.golfedumorbihan-vannesagglomeration.bzh\/br-fr\/wp-json\/wp\/v2\/media?parent=3058"}],"curies":[{"name":"wp","href":"https:\/\/api.w.org\/{rel}","templated":true}]}}